{"id":1713,"date":"2021-01-19T14:06:56","date_gmt":"2021-01-19T12:06:56","guid":{"rendered":"https:\/\/estheticdentalempire.ro\/?page_id=1701"},"modified":"2021-02-03T15:12:49","modified_gmt":"2021-02-03T13:12:49","slug":"albire-dentara","status":"publish","type":"page","link":"https:\/\/estheticdentalempire.ro\/en\/servicii-stomatologice\/albire-dentara\/","title":{"rendered":"Albire dentara"},"content":{"rendered":"<p><div class=\"fusion-fullwidth fullwidth-box fusion-builder-row-1 fusion-flex-container nonhundred-percent-fullwidth non-hundred-percent-height-scrolling\" style=\"background-color: rgba(255,255,255,0);background-position: center center;background-repeat: no-repeat;border-width: 0px 0px 0px 0px;border-color:#e2e2e2;border-style:solid;\" ><div class=\"fusion-builder-row fusion-row fusion-flex-align-items-flex-start\" style=\"max-width:1248px;margin-left: calc(-4% \/ 2 );margin-right: calc(-4% \/ 2 );\"><div class=\"fusion-layout-column fusion_builder_column fusion-builder-column-0 fusion_builder_column_1_1 1_1 fusion-flex-column\"><div class=\"fusion-column-wrapper fusion-flex-justify-content-flex-start fusion-content-layout-column\" style=\"background-position:left top;background-repeat:no-repeat;-webkit-background-size:cover;-moz-background-size:cover;-o-background-size:cover;background-size:cover;padding: 0px 0px 0px 0px;\"><div ><span class=\" fusion-imageframe imageframe-none imageframe-1 hover-type-none\"><img decoding=\"async\" src=\"https:\/\/estheticdentalempire.ro\/wp-content\/uploads\/2021\/01\/albire-dentara-1.jpg\" class=\"img-responsive\"\/><\/span><\/div><\/div><\/div><style type=\"text\/css\">.fusion-body .fusion-builder-column-0{width:100% !important;margin-top : 0px;margin-bottom : 20px;}.fusion-builder-column-0 > .fusion-column-wrapper {padding-top : 0px !important;padding-right : 0px !important;margin-right : 1.92%;padding-bottom : 0px !important;padding-left : 0px !important;margin-left : 1.92%;}@media only screen and (max-width:1024px) {.fusion-body .fusion-builder-column-0{width:100% !important;order : 0;}.fusion-builder-column-0 > .fusion-column-wrapper {margin-right : 1.92%;margin-left : 1.92%;}}@media only screen and (max-width:640px) {.fusion-body .fusion-builder-column-0{width:100% !important;order : 0;}.fusion-builder-column-0 > .fusion-column-wrapper {margin-right : 1.92%;margin-left : 1.92%;}}<\/style><\/div><style type=\"text\/css\">.fusion-body .fusion-flex-container.fusion-builder-row-1{ padding-top : 0px;margin-top : 0px;padding-right : 0px;padding-bottom : 0px;margin-bottom : 0px;padding-left : 0px;}<\/style><\/div><div class=\"fusion-fullwidth fullwidth-box fusion-builder-row-2 fusion-flex-container nonhundred-percent-fullwidth non-hundred-percent-height-scrolling\" style=\"background-color: rgba(255,255,255,0);background-position: center center;background-repeat: no-repeat;border-width: 0px 0px 0px 0px;border-color:#e2e2e2;border-style:solid;\" ><div class=\"fusion-builder-row fusion-row fusion-flex-align-items-center\" style=\"max-width:1248px;margin-left: calc(-4% \/ 2 );margin-right: calc(-4% \/ 2 );\"><div class=\"fusion-layout-column fusion_builder_column fusion-builder-column-1 fusion_builder_column_1_1 1_1 fusion-flex-column\"><div class=\"fusion-column-wrapper fusion-flex-justify-content-flex-start fusion-content-layout-column\" style=\"background-position:left top;background-repeat:no-repeat;-webkit-background-size:cover;-moz-background-size:cover;-o-background-size:cover;background-size:cover;padding: 0px 0px 0px 0px;\"><style type=\"text\/css\">@media only screen and (max-width:1024px) {.fusion-title.fusion-title-1{margin-top:10px!important;margin-bottom:15px!important;}}@media only screen and (max-width:640px) {.fusion-title.fusion-title-1{margin-top:10px!important;margin-bottom:10px!important;}}<\/style><div class=\"fusion-title title fusion-title-1 fusion-sep-none fusion-title-text fusion-title-size-two\" style=\"font-size:35px;margin-top:10px;margin-bottom:15px;\"><h2 class=\"title-heading-left sm-text-align-center\" style=\"font-family:&quot;Mulish&quot;;font-weight:800;margin:0;font-size:1em;letter-spacing:-1px;\"><h2>Albire dentara profesionala<\/h2><\/h2><\/div><div class=\" sm-text-align-center\" style=\"text-align:left;\"><span class=\" fusion-imageframe imageframe-none imageframe-2 hover-type-none\" style=\"width:100%;max-width:70px;margin-top:5px;margin-bottom:20px;\"><img decoding=\"async\" src=\"https:\/\/estheticdentalempire.ro\/wp-content\/uploads\/2020\/08\/slant-separator-1.png\" class=\"img-responsive\"\/><\/span><\/div><div class=\"fusion-text fusion-text-1\" style=\"text-align:left;\"><p style=\"text-align: justify;\">In cadrul clinicii Esthetic Dental Empire va oferim albire dentara profesionala in cabinet cu ajutorul lampii dentare Philips Zoom ZME3000 .\u00a0 Lampa Philips Zoom se afl\u0103 pe primul loc \u00een topul tratamentelor de albire profesional\u0103 solicitate cel mai frecvent de c\u0103tre pacien\u0163i. Peste 10 milioane de pacien\u0163i au folosit deja Zoom pentru a avea un z\u00e2mbet mai str\u0103lucitor \u015fi mai s\u0103n\u0103tos.<\/p>\n<p style=\"text-align: justify;\">Procedura de albire dentar\u0103\u00a0cu lampa dentara Philips Zoom ZME3000 este inofensiv\u0103 \u0219i lipsit\u0103 de disconfort, iar timpul redus de tratament, precum \u0219i nuan\u021bele foarte luminoase ob\u021binute fac ca aceasta s\u0103 fie foarte solicitat\u0103 mai ales de pacien\u021bii pentru care timpul este foarte pre\u021bios iar sistemele de albire efectuate acasa sunt pe termen lung si uneori restrictiile alimentare le fac mai dificil de folosit.<\/p>\n<p style=\"text-align: justify;\">\u00a0Tratamentul de albire realizat cu aceasta lampa este unul dintre cele mai populare si eficiente metode pentru a obtine un zambet mult mai alb intr-o singura sedinta.<\/p>\n<p style=\"text-align: justify;\">Odata cu trecerea anilor, din cauza consumului de alimente si\/sau bauturi colorate, din cauza fumatului, dintii nostrii isi modifica vizibil culoarea, iar zambetul nostru capata un aspect mai putin estetic. Cu ajutorul lampii Philips Zoom ZME3000 reusim ca intr-o singura sedinta sa albim dintii, pentru a recapata zambetul\u00a0 vostru stralucitor.<\/p>\n<p>Procedura de albire dentara presupune urmatoarele:<\/p>\n<ul>\n<li>Este o procedura simpla, confortabila, cu rezultate imediate si care are efecte pe o perioada lunga de timp<\/li>\n<li>Procedura dureaza, in medie, 1 ora si in acest timp dintii se pot albi cu pana la 8 nuante de culoare, de la nuante de galben pana la alb.<\/li>\n<li>Inaintea procedurii de albire dentare vom face un examen clinic al cavitatii orale si, in cazul in care exista leziuni carioase sau depuneri de tartru, vom remedia intai aceste aspecte.<\/li>\n<li>In sedinta de albire propriu-zisa gingiile vor fi protejate cu un gel special. Apoi se va aplica gelul special de albire pe suprafata dintilor si lampa Philips Zoom ZME3000 pentru o perioada de 15 minute. Tot acest ciclu se poate repeta de 3- 4 ori (45 \u2013 60 minute).<\/li>\n<li>La finalizarea procedurii va vom oferi instuctiunile post operative necesare<\/li>\n<\/ul>\n<p>Avantajele procedurii de albire cu lampa Philips Zoom ZME3000: <img decoding=\"async\" class=\"alignright\" src=\"https:\/\/estheticdentalempire.ro\/wp-content\/uploads\/2021\/01\/lampara-zoom-whitespeed-philips-899-1137_1_1200x1200-400x400.jpg\" alt=\"\" width=\"400\" height=\"400\" \/><\/p>\n<ul>\n<li>Rezultate imediate si de durata<\/li>\n<li>Comfortabila<\/li>\n<li>Sigura<\/li>\n<li>Efectuata de un medic dentist specializat in aceste proceduri<\/li>\n<\/ul>\n<p>ATENTIE:<\/p>\n<ul>\n<li>Rezultatul albirii dentare poate varia in functie de mai multi factori si nu este intotdeauna un rezultat predictibil. In cazul in care aveti obturatii de compozit sau lucrari ceramice anterioare, acestea nu se vor modifica de culoare, iar in unele cazuri este necesara inlocuirea lor pentru obtinerea unui zambet armonios si luminos.<\/li>\n<li>Dupa efectuarea albirii dentare, timp de 2 saptamani nu consumati alimente colorate care pot afecta rezultatul obtinut: bauturi (cafea, ceai, vin rosu, cola, etc), condimente (ketchup, sos de soia, mustar, etc), alimente ( mure, zmeura, carne rosie, etc), pasta de dinti sau apa de gura colorata, nu fumati.<\/li>\n<li>Unii pacienti pot experimenta sensibilitate la nivelul dintilor pentru o perioada de 24-48 ore. De obicei, aceasta sensibilitate este usoara si trece la antiinflamatorii sau antialgice uzuale. In aceasta perioada va recomandam sa nu consumati alimente si bauturi foarte reci sau foarte calde si sa folositi o pasta pentru dinti sensibili.<\/li>\n<\/ul>\n<\/div><\/div><\/div><style type=\"text\/css\">.fusion-body .fusion-builder-column-1{width:100% !important;margin-top : 0px;margin-bottom : 20px;}.fusion-builder-column-1 > .fusion-column-wrapper {padding-top : 0px !important;padding-right : 0px !important;margin-right : 1.92%;padding-bottom : 0px !important;padding-left : 0px !important;margin-left : 1.92%;}@media only screen and (max-width:1024px) {.fusion-body .fusion-builder-column-1{width:100% !important;order : 0;}.fusion-builder-column-1 > .fusion-column-wrapper {margin-right : 1.92%;margin-left : 1.92%;}}@media only screen and (max-width:640px) {.fusion-body .fusion-builder-column-1{width:100% !important;order : 0;}.fusion-builder-column-1 > .fusion-column-wrapper {padding-right : 0px !important;margin-right : 1.92%;margin-left : 1.92%;}}<\/style><\/div><style type=\"text\/css\">.fusion-body .fusion-flex-container.fusion-builder-row-2{ padding-top : 4%;margin-top : -4%;padding-right : 0px;padding-bottom : 0px;margin-bottom : 0px;padding-left : 0px;}<\/style><\/div><div class=\"fusion-fullwidth fullwidth-box fusion-builder-row-3 fusion-flex-container fusion-parallax-none nonhundred-percent-fullwidth non-hundred-percent-height-scrolling\" style=\"background-color: rgba(255,255,255,0);background-image: url(&quot;https:\/\/estheticdentalempire.ro\/wp-content\/uploads\/2020\/11\/banner-all-pagesw.jpg&quot;);background-position: left center;background-repeat: no-repeat;border-width: 0px 0px 0px 0px;border-color:#e2e2e2;border-style:solid;-webkit-background-size:cover;-moz-background-size:cover;-o-background-size:cover;background-size:cover;\" ><div class=\"fusion-builder-row fusion-row fusion-flex-align-items-flex-start\" style=\"max-width:1248px;margin-left: calc(-4% \/ 2 );margin-right: calc(-4% \/ 2 );\"><div class=\"fusion-layout-column fusion_builder_column fusion-builder-column-2 fusion_builder_column_2_3 2_3 fusion-flex-column\"><div class=\"fusion-column-wrapper fusion-flex-justify-content-flex-start fusion-content-layout-column\" style=\"background-position:left top;background-repeat:no-repeat;-webkit-background-size:cover;-moz-background-size:cover;-o-background-size:cover;background-size:cover;padding: 0px 0px 0px 0px;\"><style type=\"text\/css\">@media only screen and (max-width:1024px) {.fusion-title.fusion-title-2{margin-top:2%!important;margin-bottom:2%!important;}}@media only screen and (max-width:640px) {.fusion-title.fusion-title-2{margin-top:10px!important;margin-bottom:10px!important;}}<\/style><div class=\"fusion-title title fusion-title-2 fusion-sep-none fusion-title-center fusion-title-text fusion-title-size-two\" style=\"margin-top:2%;margin-bottom:2%;\"><h2 class=\"title-heading-center\" style=\"margin:0;color:#ffffff;\"><p style=\"text-align: center;\"><strong>SATISFACTIA NOASTRA?<\/strong><\/p>\n<p style=\"text-align: center;\">Sanatatea si frumusetea zambetului tau!<\/p><\/h2><\/div><\/div><\/div><style type=\"text\/css\">.fusion-body .fusion-builder-column-2{width:66.666666666667% !important;margin-top : 0px;margin-bottom : 20px;}.fusion-builder-column-2 > .fusion-column-wrapper {padding-top : 0px !important;padding-right : 0px !important;margin-right : 2.88%;padding-bottom : 0px !important;padding-left : 0px !important;margin-left : 2.88%;}@media only screen and (max-width:1024px) {.fusion-body .fusion-builder-column-2{width:66.666666666667% !important;order : 0;}.fusion-builder-column-2 > .fusion-column-wrapper {margin-right : 2.88%;margin-left : 2.88%;}}@media only screen and (max-width:640px) {.fusion-body .fusion-builder-column-2{width:100% !important;order : 0;}.fusion-builder-column-2 > .fusion-column-wrapper {margin-right : 1.92%;margin-left : 1.92%;}}<\/style><div class=\"fusion-layout-column fusion_builder_column fusion-builder-column-3 fusion_builder_column_1_3 1_3 fusion-flex-column\"><div class=\"fusion-column-wrapper fusion-flex-justify-content-flex-start fusion-content-layout-column\" style=\"background-position:left top;background-repeat:no-repeat;-webkit-background-size:cover;-moz-background-size:cover;-o-background-size:cover;background-size:cover;padding: 0px 0px 0px 0px;\"><div style=\"text-align:center;\"><style type=\"text\/css\">.fusion-button.button-1 {border-radius:6px;}<\/style><a class=\"fusion-button button-flat fusion-button-default-size button-default button-1 fusion-button-span-yes fusion-button-default-type buton-contact-general-footer\" target=\"_self\" href=\"https:\/\/estheticdentalempire.ro\/contact\/\" style=\"margin-top:16px;\"><span class=\"fusion-button-text\">Contacteaza-ne!<\/span><\/a><\/div><\/div><\/div><style type=\"text\/css\">.fusion-body .fusion-builder-column-3{width:33.333333333333% !important;margin-top : 40px;margin-bottom : 20px;}.fusion-builder-column-3 > .fusion-column-wrapper {padding-top : 0px !important;padding-right : 0px !important;margin-right : 5.76%;padding-bottom : 0px !important;padding-left : 0px !important;margin-left : 5.76%;}@media only screen and (max-width:1024px) {.fusion-body .fusion-builder-column-3{width:33.333333333333% !important;order : 0;}.fusion-builder-column-3 > .fusion-column-wrapper {margin-right : 5.76%;margin-left : 5.76%;}}@media only screen and (max-width:640px) {.fusion-body .fusion-builder-column-3{width:100% !important;order : 0;}.fusion-builder-column-3 > .fusion-column-wrapper {margin-right : 1.92%;margin-left : 1.92%;}}<\/style><\/div><style type=\"text\/css\">.fusion-body .fusion-flex-container.fusion-builder-row-3{ padding-top : 3%;margin-top : 3%;padding-right : 0px;padding-bottom : 3%;margin-bottom : -3%;padding-left : 0px;}<\/style><\/div>\n<\/p>\n","protected":false},"excerpt":{"rendered":"","protected":false},"author":1,"featured_media":-1,"parent":1365,"menu_order":0,"comment_status":"closed","ping_status":"closed","template":"100-width.php","meta":{"footnotes":""},"class_list":["post-1713","page","type-page","status-publish","has-post-thumbnail","hentry"],"yoast_head":"<!-- This site is optimized with the Yoast SEO plugin v26.6 - https:\/\/yoast.com\/wordpress\/plugins\/seo\/ -->\n<title>Albire dentara - Esthetic Dental Empire EN<\/title>\n<meta name=\"description\" content=\"Albire dentara profesionala in cadrul clinicii Esthetic Dental Empire folosind Philips Zoom ZME3000 utilizata de peste 10 milioane de pacien\u0163i din intreaga lume.\" \/>\n<meta name=\"robots\" content=\"index, follow, max-snippet:-1, max-image-preview:large, max-video-preview:-1\" \/>\n<link rel=\"canonical\" href=\"https:\/\/estheticdentalempire.ro\/en\/servicii-stomatologice\/albire-dentara\/\" \/>\n<meta property=\"og:locale\" content=\"en_US\" \/>\n<meta property=\"og:type\" content=\"article\" \/>\n<meta property=\"og:title\" content=\"Albire dentara - Esthetic Dental Empire EN\" \/>\n<meta property=\"og:description\" content=\"Albire dentara profesionala in cadrul clinicii Esthetic Dental Empire folosind Philips Zoom ZME3000 utilizata de peste 10 milioane de pacien\u0163i din intreaga lume.\" \/>\n<meta property=\"og:url\" content=\"https:\/\/estheticdentalempire.ro\/en\/servicii-stomatologice\/albire-dentara\/\" \/>\n<meta property=\"og:site_name\" content=\"Esthetic Dental Empire EN\" \/>\n<meta property=\"article:modified_time\" content=\"2021-02-03T13:12:49+00:00\" \/>\n<meta name=\"twitter:card\" content=\"summary_large_image\" \/>\n<meta name=\"twitter:label1\" content=\"Est. reading time\" \/>\n\t<meta name=\"twitter:data1\" content=\"7 minutes\" \/>\n<script type=\"application\/ld+json\" class=\"yoast-schema-graph\">{\"@context\":\"https:\/\/schema.org\",\"@graph\":[{\"@type\":\"WebPage\",\"@id\":\"https:\/\/estheticdentalempire.ro\/en\/servicii-stomatologice\/albire-dentara\/\",\"url\":\"https:\/\/estheticdentalempire.ro\/en\/servicii-stomatologice\/albire-dentara\/\",\"name\":\"Albire dentara - Esthetic Dental Empire EN\",\"isPartOf\":{\"@id\":\"https:\/\/estheticdentalempire.ro\/en\/#website\"},\"primaryImageOfPage\":{\"@id\":\"https:\/\/estheticdentalempire.ro\/en\/servicii-stomatologice\/albire-dentara\/#primaryimage\"},\"image\":{\"@id\":\"https:\/\/estheticdentalempire.ro\/en\/servicii-stomatologice\/albire-dentara\/#primaryimage\"},\"thumbnailUrl\":\"https:\/\/estheticdentalempire.ro\/wp-content\/uploads\/2021\/01\/lampara-zoom-whitespeed-philips-899-1137_1_1200x1200-400x400.jpg\",\"datePublished\":\"2021-01-19T12:06:56+00:00\",\"dateModified\":\"2021-02-03T13:12:49+00:00\",\"description\":\"Albire dentara profesionala in cadrul clinicii Esthetic Dental Empire folosind Philips Zoom ZME3000 utilizata de peste 10 milioane de pacien\u0163i din intreaga lume.\",\"breadcrumb\":{\"@id\":\"https:\/\/estheticdentalempire.ro\/en\/servicii-stomatologice\/albire-dentara\/#breadcrumb\"},\"inLanguage\":\"en-US\",\"potentialAction\":[{\"@type\":\"ReadAction\",\"target\":[\"https:\/\/estheticdentalempire.ro\/en\/servicii-stomatologice\/albire-dentara\/\"]}]},{\"@type\":\"ImageObject\",\"inLanguage\":\"en-US\",\"@id\":\"https:\/\/estheticdentalempire.ro\/en\/servicii-stomatologice\/albire-dentara\/#primaryimage\",\"url\":\"https:\/\/estheticdentalempire.ro\/wp-content\/uploads\/2021\/01\/lampara-zoom-whitespeed-philips-899-1137_1_1200x1200-400x400.jpg\",\"contentUrl\":\"https:\/\/estheticdentalempire.ro\/wp-content\/uploads\/2021\/01\/lampara-zoom-whitespeed-philips-899-1137_1_1200x1200-400x400.jpg\"},{\"@type\":\"BreadcrumbList\",\"@id\":\"https:\/\/estheticdentalempire.ro\/en\/servicii-stomatologice\/albire-dentara\/#breadcrumb\",\"itemListElement\":[{\"@type\":\"ListItem\",\"position\":1,\"name\":\"Prima pagin\u0103\",\"item\":\"https:\/\/estheticdentalempire.ro\/en\/\"},{\"@type\":\"ListItem\",\"position\":2,\"name\":\"Servicii\",\"item\":\"https:\/\/estheticdentalempire.ro\/en\/servicii-stomatologice\/\"},{\"@type\":\"ListItem\",\"position\":3,\"name\":\"Albire dentara\"}]},{\"@type\":\"WebSite\",\"@id\":\"https:\/\/estheticdentalempire.ro\/en\/#website\",\"url\":\"https:\/\/estheticdentalempire.ro\/en\/\",\"name\":\"Esthetic Dental Empire EN\",\"description\":\"Clinica Stomatologica de Excelenta!\",\"potentialAction\":[{\"@type\":\"SearchAction\",\"target\":{\"@type\":\"EntryPoint\",\"urlTemplate\":\"https:\/\/estheticdentalempire.ro\/en\/?s={search_term_string}\"},\"query-input\":{\"@type\":\"PropertyValueSpecification\",\"valueRequired\":true,\"valueName\":\"search_term_string\"}}],\"inLanguage\":\"en-US\"}]}<\/script>\n<!-- \/ Yoast SEO plugin. -->","yoast_head_json":{"title":"Albire dentara - Esthetic Dental Empire EN","description":"Albire dentara profesionala in cadrul clinicii Esthetic Dental Empire folosind Philips Zoom ZME3000 utilizata de peste 10 milioane de pacien\u0163i din intreaga lume.","robots":{"index":"index","follow":"follow","max-snippet":"max-snippet:-1","max-image-preview":"max-image-preview:large","max-video-preview":"max-video-preview:-1"},"canonical":"https:\/\/estheticdentalempire.ro\/en\/servicii-stomatologice\/albire-dentara\/","og_locale":"en_US","og_type":"article","og_title":"Albire dentara - Esthetic Dental Empire EN","og_description":"Albire dentara profesionala in cadrul clinicii Esthetic Dental Empire folosind Philips Zoom ZME3000 utilizata de peste 10 milioane de pacien\u0163i din intreaga lume.","og_url":"https:\/\/estheticdentalempire.ro\/en\/servicii-stomatologice\/albire-dentara\/","og_site_name":"Esthetic Dental Empire EN","article_modified_time":"2021-02-03T13:12:49+00:00","twitter_card":"summary_large_image","twitter_misc":{"Est. reading time":"7 minutes"},"schema":{"@context":"https:\/\/schema.org","@graph":[{"@type":"WebPage","@id":"https:\/\/estheticdentalempire.ro\/en\/servicii-stomatologice\/albire-dentara\/","url":"https:\/\/estheticdentalempire.ro\/en\/servicii-stomatologice\/albire-dentara\/","name":"Albire dentara - Esthetic Dental Empire EN","isPartOf":{"@id":"https:\/\/estheticdentalempire.ro\/en\/#website"},"primaryImageOfPage":{"@id":"https:\/\/estheticdentalempire.ro\/en\/servicii-stomatologice\/albire-dentara\/#primaryimage"},"image":{"@id":"https:\/\/estheticdentalempire.ro\/en\/servicii-stomatologice\/albire-dentara\/#primaryimage"},"thumbnailUrl":"https:\/\/estheticdentalempire.ro\/wp-content\/uploads\/2021\/01\/lampara-zoom-whitespeed-philips-899-1137_1_1200x1200-400x400.jpg","datePublished":"2021-01-19T12:06:56+00:00","dateModified":"2021-02-03T13:12:49+00:00","description":"Albire dentara profesionala in cadrul clinicii Esthetic Dental Empire folosind Philips Zoom ZME3000 utilizata de peste 10 milioane de pacien\u0163i din intreaga lume.","breadcrumb":{"@id":"https:\/\/estheticdentalempire.ro\/en\/servicii-stomatologice\/albire-dentara\/#breadcrumb"},"inLanguage":"en-US","potentialAction":[{"@type":"ReadAction","target":["https:\/\/estheticdentalempire.ro\/en\/servicii-stomatologice\/albire-dentara\/"]}]},{"@type":"ImageObject","inLanguage":"en-US","@id":"https:\/\/estheticdentalempire.ro\/en\/servicii-stomatologice\/albire-dentara\/#primaryimage","url":"https:\/\/estheticdentalempire.ro\/wp-content\/uploads\/2021\/01\/lampara-zoom-whitespeed-philips-899-1137_1_1200x1200-400x400.jpg","contentUrl":"https:\/\/estheticdentalempire.ro\/wp-content\/uploads\/2021\/01\/lampara-zoom-whitespeed-philips-899-1137_1_1200x1200-400x400.jpg"},{"@type":"BreadcrumbList","@id":"https:\/\/estheticdentalempire.ro\/en\/servicii-stomatologice\/albire-dentara\/#breadcrumb","itemListElement":[{"@type":"ListItem","position":1,"name":"Prima pagin\u0103","item":"https:\/\/estheticdentalempire.ro\/en\/"},{"@type":"ListItem","position":2,"name":"Servicii","item":"https:\/\/estheticdentalempire.ro\/en\/servicii-stomatologice\/"},{"@type":"ListItem","position":3,"name":"Albire dentara"}]},{"@type":"WebSite","@id":"https:\/\/estheticdentalempire.ro\/en\/#website","url":"https:\/\/estheticdentalempire.ro\/en\/","name":"Esthetic Dental Empire EN","description":"Clinica Stomatologica de Excelenta!","potentialAction":[{"@type":"SearchAction","target":{"@type":"EntryPoint","urlTemplate":"https:\/\/estheticdentalempire.ro\/en\/?s={search_term_string}"},"query-input":{"@type":"PropertyValueSpecification","valueRequired":true,"valueName":"search_term_string"}}],"inLanguage":"en-US"}]}},"_links":{"self":[{"href":"https:\/\/estheticdentalempire.ro\/en\/wp-json\/wp\/v2\/pages\/1713","targetHints":{"allow":["GET"]}}],"collection":[{"href":"https:\/\/estheticdentalempire.ro\/en\/wp-json\/wp\/v2\/pages"}],"about":[{"href":"https:\/\/estheticdentalempire.ro\/en\/wp-json\/wp\/v2\/types\/page"}],"author":[{"embeddable":true,"href":"https:\/\/estheticdentalempire.ro\/en\/wp-json\/wp\/v2\/users\/1"}],"replies":[{"embeddable":true,"href":"https:\/\/estheticdentalempire.ro\/en\/wp-json\/wp\/v2\/comments?post=1713"}],"version-history":[{"count":13,"href":"https:\/\/estheticdentalempire.ro\/en\/wp-json\/wp\/v2\/pages\/1713\/revisions"}],"predecessor-version":[{"id":1773,"href":"https:\/\/estheticdentalempire.ro\/en\/wp-json\/wp\/v2\/pages\/1713\/revisions\/1773"}],"up":[{"embeddable":true,"href":"https:\/\/estheticdentalempire.ro\/en\/wp-json\/wp\/v2\/pages\/1365"}],"wp:featuredmedia":[{"embeddable":true,"href":"https:\/\/estheticdentalempire.ro\/en\/wp-json\/"}],"wp:attachment":[{"href":"https:\/\/estheticdentalempire.ro\/en\/wp-json\/wp\/v2\/media?parent=1713"}],"curies":[{"name":"wp","href":"https:\/\/api.w.org\/{rel}","templated":true}]}}